{"id":30,"date":"2026-02-12T18:29:29","date_gmt":"2026-02-12T18:29:29","guid":{"rendered":"https:\/\/henashop.com\/?page_id=30"},"modified":"2026-02-12T20:54:17","modified_gmt":"2026-02-12T20:54:17","slug":"acceuil","status":"publish","type":"page","link":"https:\/\/henashop.com\/acceuil\/","title":{"rendered":"Acceuil &#8211; coming soon"},"content":{"rendered":"\t\t<div data-elementor-type=\"wp-page\" data-elementor-id=\"30\" class=\"elementor elementor-30\">\n\t\t\t\t<div class=\"elementor-element elementor-element-5190556 e-flex e-con-boxed e-con e-parent\" data-id=\"5190556\" data-element_type=\"container\" data-e-type=\"container\">\n\t\t\t\t\t<div class=\"e-con-inner\">\n\t\t<div class=\"elementor-element elementor-element-fa9a581 e-con-full e-flex e-con e-child\" data-id=\"fa9a581\" data-element_type=\"container\" data-e-type=\"container\">\n\t\t\t\t<div class=\"elementor-element elementor-element-30d8d16 elementor-widget elementor-widget-image\" data-id=\"30d8d16\" data-element_type=\"widget\" data-e-type=\"widget\" data-widget_type=\"image.default\">\n\t\t\t\t\t\t\t\t\t\t\t\t\t\t\t<img fetchpriority=\"high\" decoding=\"async\" width=\"300\" height=\"300\" src=\"https:\/\/henashop.com\/wp-content\/uploads\/2026\/02\/depositphotos_23778767-stock-illustration-vector-stamp-coming-soon-300x300.webp\" class=\"attachment-medium size-medium wp-image-25\" alt=\"\" srcset=\"https:\/\/henashop.com\/wp-content\/uploads\/2026\/02\/depositphotos_23778767-stock-illustration-vector-stamp-coming-soon-300x300.webp 300w, https:\/\/henashop.com\/wp-content\/uploads\/2026\/02\/depositphotos_23778767-stock-illustration-vector-stamp-coming-soon-150x150.webp 150w, https:\/\/henashop.com\/wp-content\/uploads\/2026\/02\/depositphotos_23778767-stock-illustration-vector-stamp-coming-soon-100x100.webp 100w, https:\/\/henashop.com\/wp-content\/uploads\/2026\/02\/depositphotos_23778767-stock-illustration-vector-stamp-coming-soon.webp 600w\" sizes=\"(max-width: 300px) 100vw, 300px\" \/>\t\t\t\t\t\t\t\t\t\t\t\t\t\t\t<\/div>\n\t\t\t\t<\/div>\n\t\t<div class=\"elementor-element elementor-element-97f7ebc e-con-full e-flex e-con e-child\" data-id=\"97f7ebc\" data-element_type=\"container\" data-e-type=\"container\">\n\t\t\t\t<div class=\"elementor-element elementor-element-60e5aa7 elementor-widget__width-initial elementor-widget elementor-widget-image\" data-id=\"60e5aa7\" data-element_type=\"widget\" data-e-type=\"widget\" data-widget_type=\"image.default\">\n\t\t\t\t\t\t\t\t\t\t\t\t\t\t\t\t<a href=\"https:\/\/henashop.com\/acceuil\/\">\n\t\t\t\t\t\t\t<img decoding=\"async\" width=\"300\" height=\"300\" src=\"https:\/\/henashop.com\/wp-content\/uploads\/2026\/02\/ChatGPT-Image-12-fevr.-2026-19_42_35-300x300.png\" class=\"attachment-woocommerce_thumbnail size-woocommerce_thumbnail wp-image-35\" alt=\"\" srcset=\"https:\/\/henashop.com\/wp-content\/uploads\/2026\/02\/ChatGPT-Image-12-fevr.-2026-19_42_35-300x300.png 300w, https:\/\/henashop.com\/wp-content\/uploads\/2026\/02\/ChatGPT-Image-12-fevr.-2026-19_42_35-150x150.png 150w, https:\/\/henashop.com\/wp-content\/uploads\/2026\/02\/ChatGPT-Image-12-fevr.-2026-19_42_35-600x600.png 600w, https:\/\/henashop.com\/wp-content\/uploads\/2026\/02\/ChatGPT-Image-12-fevr.-2026-19_42_35-100x100.png 100w\" sizes=\"(max-width: 300px) 100vw, 300px\" \/>\t\t\t\t\t\t\t\t<\/a>\n\t\t\t\t\t\t\t\t\t\t\t\t\t\t\t<\/div>\n\t\t\t\t<\/div>\n\t\t\t\t\t<\/div>\n\t\t\t\t<\/div>\n\t\t<div class=\"elementor-element elementor-element-79890b6 e-flex e-con-boxed e-con e-parent\" data-id=\"79890b6\" data-element_type=\"container\" data-e-type=\"container\">\n\t\t\t\t\t<div class=\"e-con-inner\">\n\t\t\t\t<div class=\"elementor-element elementor-element-9cd3b45 elementor-widget elementor-widget-text-editor\" data-id=\"9cd3b45\" data-element_type=\"widget\" data-e-type=\"widget\" data-widget_type=\"text-editor.default\">\n\t\t\t\t\t\t\t\t\t<h2 data-start=\"212\" data-end=\"237\">Bienvenue sur HenaShop<\/h2>\n<p data-start=\"239\" data-end=\"396\">HenaShop est votre destination de confiance pour des <strong data-start=\"292\" data-end=\"324\">produits import\u00e9s de qualit\u00e9<\/strong>, soigneusement s\u00e9lectionn\u00e9s pour r\u00e9pondre aux standards internationaux.<\/p>\n<p data-start=\"398\" data-end=\"419\">Nous vous proposons :<\/p>\n<ul>\n<li>Des articles d\u2019importation fiables et modernes<\/li>\n<li>Des voyages Omra organis\u00e9s en collaboration avec une agence sp\u00e9cialis\u00e9e<\/li>\n<li>La pr\u00e9commande de v\u00e9hicules de moins de 3 ans, avec accompagnement complet<\/li>\n<\/ul>\n<p data-start=\"628\" data-end=\"749\">Notre objectif est simple :<br data-start=\"655\" data-end=\"658\" \/>vous offrir des produits et services premium avec un maximum de transparence et de s\u00e9rieux.<\/p>\t\t\t\t\t\t\t\t<\/div>\n\t\t\t\t\t<\/div>\n\t\t\t\t<\/div>\n\t\t<div class=\"elementor-element elementor-element-47ce7be e-flex e-con-boxed e-con e-parent\" data-id=\"47ce7be\" data-element_type=\"container\" data-e-type=\"container\">\n\t\t\t\t\t<div class=\"e-con-inner\">\n\t\t\t\t<div class=\"elementor-element elementor-element-234f41e elementor-widget__width-initial elementor-widget elementor-widget-text-editor\" data-id=\"234f41e\" data-element_type=\"widget\" data-e-type=\"widget\" data-widget_type=\"text-editor.default\">\n\t\t\t\t\t\t\t\t\t<h2 data-start=\"756\" data-end=\"786\">Pourquoi choisir HenaShop ?<\/h2><p data-start=\"788\" data-end=\"977\">\u2714 Produits import\u00e9s directement de l\u2019\u00e9tranger<br data-start=\"833\" data-end=\"836\" \/>\u2714 Qualit\u00e9 contr\u00f4l\u00e9e et s\u00e9lection rigoureuse<br data-start=\"879\" data-end=\"882\" \/>\u2714 Paiement \u00e0 la livraison<br data-start=\"907\" data-end=\"910\" \/>\u2714 Livraison disponible dans 58 wilayas<br data-start=\"948\" data-end=\"951\" \/>\u2714 Service client r\u00e9actif<\/p>\t\t\t\t\t\t\t\t<\/div>\n\t\t\t\t\t<\/div>\n\t\t\t\t<\/div>\n\t\t\t\t<\/div>\n\t\t","protected":false},"excerpt":{"rendered":"<p>Bienvenue sur HenaShop HenaShop est votre destination de confiance pour des produits import\u00e9s de qualit\u00e9, soigneusement s\u00e9lectionn\u00e9s pour r\u00e9pondre aux standards internationaux. Nous vous proposons : Des articles d\u2019importation fiables et modernes Des voyages Omra organis\u00e9s en collaboration avec une agence sp\u00e9cialis\u00e9e La pr\u00e9commande de v\u00e9hicules de moins de 3 ans, avec accompagnement complet Notre [&hellip;]<\/p>\n","protected":false},"author":1,"featured_media":0,"parent":0,"menu_order":0,"comment_status":"closed","ping_status":"closed","template":"elementor_header_footer","meta":{"ocean_post_layout":"","ocean_both_sidebars_style":"","ocean_both_sidebars_content_width":0,"ocean_both_sidebars_sidebars_width":0,"ocean_sidebar":"","ocean_second_sidebar":"","ocean_disable_margins":"enable","ocean_add_body_class":"","ocean_shortcode_before_top_bar":"","ocean_shortcode_after_top_bar":"","ocean_shortcode_before_header":"","ocean_shortcode_after_header":"","ocean_has_shortcode":"","ocean_shortcode_after_title":"","ocean_shortcode_before_footer_widgets":"","ocean_shortcode_after_footer_widgets":"","ocean_shortcode_before_footer_bottom":"","ocean_shortcode_after_footer_bottom":"","ocean_display_top_bar":"off","ocean_display_header":"off","ocean_header_style":"","ocean_center_header_left_menu":"","ocean_custom_header_template":"","ocean_custom_logo":0,"ocean_custom_retina_logo":0,"ocean_custom_logo_max_width":0,"ocean_custom_logo_tablet_max_width":0,"ocean_custom_logo_mobile_max_width":0,"ocean_custom_logo_max_height":0,"ocean_custom_logo_tablet_max_height":0,"ocean_custom_logo_mobile_max_height":0,"ocean_header_custom_menu":"","ocean_menu_typo_font_family":"","ocean_menu_typo_font_subset":"","ocean_menu_typo_font_size":0,"ocean_menu_typo_font_size_tablet":0,"ocean_menu_typo_font_size_mobile":0,"ocean_menu_typo_font_size_unit":"px","ocean_menu_typo_font_weight":"","ocean_menu_typo_font_weight_tablet":"","ocean_menu_typo_font_weight_mobile":"","ocean_menu_typo_transform":"","ocean_menu_typo_transform_tablet":"","ocean_menu_typo_transform_mobile":"","ocean_menu_typo_line_height":0,"ocean_menu_typo_line_height_tablet":0,"ocean_menu_typo_line_height_mobile":0,"ocean_menu_typo_line_height_unit":"","ocean_menu_typo_spacing":0,"ocean_menu_typo_spacing_tablet":0,"ocean_menu_typo_spacing_mobile":0,"ocean_menu_typo_spacing_unit":"","ocean_menu_link_color":"","ocean_menu_link_color_hover":"","ocean_menu_link_color_active":"","ocean_menu_link_background":"","ocean_menu_link_hover_background":"","ocean_menu_link_active_background":"","ocean_menu_social_links_bg":"","ocean_menu_social_hover_links_bg":"","ocean_menu_social_links_color":"","ocean_menu_social_hover_links_color":"","ocean_disable_title":"on","ocean_disable_heading":"default","ocean_post_title":"","ocean_post_subheading":"","ocean_post_title_style":"","ocean_post_title_background_color":"","ocean_post_title_background":0,"ocean_post_title_bg_image_position":"","ocean_post_title_bg_image_attachment":"","ocean_post_title_bg_image_repeat":"","ocean_post_title_bg_image_size":"","ocean_post_title_height":0,"ocean_post_title_bg_overlay":0.5,"ocean_post_title_bg_overlay_color":"","ocean_disable_breadcrumbs":"default","ocean_breadcrumbs_color":"","ocean_breadcrumbs_separator_color":"","ocean_breadcrumbs_links_color":"","ocean_breadcrumbs_links_hover_color":"","ocean_display_footer_widgets":"default","ocean_display_footer_bottom":"default","ocean_custom_footer_template":"","footnotes":""},"class_list":["post-30","page","type-page","status-publish","hentry","entry","owp-thumbs-layout-horizontal","owp-btn-normal","owp-tabs-layout-horizontal","has-no-thumbnails","has-product-nav"],"_links":{"self":[{"href":"https:\/\/henashop.com\/acceuil\/wp-json\/wp\/v2\/pages\/30","targetHints":{"allow":["GET"]}}],"collection":[{"href":"https:\/\/henashop.com\/acceuil\/wp-json\/wp\/v2\/pages"}],"about":[{"href":"https:\/\/henashop.com\/acceuil\/wp-json\/wp\/v2\/types\/page"}],"author":[{"embeddable":true,"href":"https:\/\/henashop.com\/acceuil\/wp-json\/wp\/v2\/users\/1"}],"replies":[{"embeddable":true,"href":"https:\/\/henashop.com\/acceuil\/wp-json\/wp\/v2\/comments?post=30"}],"version-history":[{"count":20,"href":"https:\/\/henashop.com\/acceuil\/wp-json\/wp\/v2\/pages\/30\/revisions"}],"predecessor-version":[{"id":62,"href":"https:\/\/henashop.com\/acceuil\/wp-json\/wp\/v2\/pages\/30\/revisions\/62"}],"wp:attachment":[{"href":"https:\/\/henashop.com\/acceuil\/wp-json\/wp\/v2\/media?parent=30"}],"curies":[{"name":"wp","href":"https:\/\/api.w.org\/{rel}","templated":true}]}}